{"id":15,"date":"2020-10-11T19:29:02","date_gmt":"2020-10-11T19:29:02","guid":{"rendered":"https:\/\/myhikingway.ro\/?page_id=15"},"modified":"2026-04-06T17:24:22","modified_gmt":"2026-04-06T17:24:22","slug":"az-oldalrol","status":"publish","type":"page","link":"https:\/\/myhikingway.ro\/ro\/despre-pagina\/","title":{"rendered":"Despre Pagina"},"content":{"rendered":"\r\n<h3 class=\"wp-block-heading\"><strong>Ce trebuie s\u0103 \u0219tii despre pagin\u0103?<\/strong><\/h3>\r\n\r\n\r\n\r\n<div style=\"height:28px\" aria-hidden=\"true\" class=\"wp-block-spacer\"><\/div>\r\n\r\n\r\n\r\n<p>Acesta este jurnalul de drume\u021bie, scris de mine. Am rezumat unde am fost p\u00e2n\u0103 acum.<\/p>\r\n\r\n\r\n\r\n<p>C\u00e2nd inten\u021bionam s\u0103 fac drume\u021bii \u00eentr-un loc \u00een care nu am mai fost, am \u00eent\u00e2mpinat uneori dificult\u0103\u021bi. De exemplu: Unde pot campa? dac\u0103 merg doar 2 zile, ce merit\u0103 s\u0103 v\u0103d?, pentru c\u0103 nu am timp pentru toate etc. De aici mi-a venit ideea, s\u0103 \u00eempart \u0219i cu voi experien\u021ba acumulat\u0103, dac\u0103 oricum \u00eemi rezum deja excursiile.<\/p>\r\n\r\n\r\n\r\n<p>Pe blog se pot citi drume\u021biile pe care le-am parcurs, traseele de drume\u021bie marcate \u0219i uneori nemarcate ale Coroanei Carpa\u021bilor. C\u0103l\u0103toresc \u00een mare parte cu cortul, care este preferatul meu, dar sunt \u0219i ocazii c\u00e2nd dorm \u00een caban\u0103 sau ma\u0219in\u0103. Descrierile sunt ilustrate cu imagini \u0219i la unele este ata\u0219at linkul Strava.<\/p>\r\n\r\n\r\n\r\n<p>Blogul este multilingv (maghiar\u0103, rom\u00e2n\u0103, englez\u0103), astfel \u00eenc\u00e2t s\u0103 ajung\u0103 la mai mul\u021bi oameni.<\/p>\r\n\r\n\r\n\r\n<p>Sper s\u0103 v\u0103 plac\u0103 \u0219i s\u0103 g\u0103si\u021bi ceva folositor citind articolele. Dac\u0103 ave\u021bi \u00eentreb\u0103ri, nu ezita\u021bi s\u0103 scrie\u021bi, c\u00e2nd am timp \u00eencerc s\u0103 v\u0103 r\u0103spund.<\/p>\r\n\r\n\r\n\r\n<p><img loading=\"lazy\" decoding=\"async\" class=\" wp-image-2003 aligncenter\" src=\"https:\/\/myhikingway.ro\/wp-content\/uploads\/2025\/05\/volg4-300x214.jpg\" alt=\"\" width=\"404\" height=\"288\" srcset=\"https:\/\/myhikingway.ro\/wp-content\/uploads\/2025\/05\/volg4-300x214.jpg 300w, https:\/\/myhikingway.ro\/wp-content\/uploads\/2025\/05\/volg4-768x548.jpg 768w, https:\/\/myhikingway.ro\/wp-content\/uploads\/2025\/05\/volg4.jpg 1024w\" sizes=\"auto, (max-width: 404px) 100vw, 404px\" \/><\/p>","protected":false},"excerpt":{"rendered":"<p>Ce trebuie s\u0103 \u0219tii despre pagin\u0103? Acesta este jurnalul de drume\u021bie, scris de mine. Am rezumat unde am fost p\u00e2n\u0103 acum. C\u00e2nd inten\u021bionam s\u0103 fac drume\u021bii \u00eentr-un loc \u00een care nu am mai fost, am \u00eent\u00e2mpinat uneori dificult\u0103\u021bi. De exemplu: Unde pot campa? dac\u0103 merg doar 2 zile, ce merit\u0103 s\u0103 v\u0103d?, pentru c\u0103 nu&#8230;<\/p>\n","protected":false},"author":1,"featured_media":2338,"parent":0,"menu_order":0,"comment_status":"closed","ping_status":"closed","template":"","meta":{"_kadence_starter_templates_imported_post":false,"_kad_post_transparent":"default","_kad_post_title":"default","_kad_post_layout":"default","_kad_post_sidebar_id":"","_kad_post_content_style":"default","_kad_post_vertical_padding":"default","_kad_post_feature":"","_kad_post_feature_position":"","_kad_post_header":false,"_kad_post_footer":false,"_kad_post_classname":"","cybocfi_hide_featured_image":"","footnotes":""},"class_list":["post-15","page","type-page","status-publish","has-post-thumbnail","hentry"],"yoast_head":"<!-- This site is optimized with the Yoast SEO plugin v27.4 - https:\/\/yoast.com\/product\/yoast-seo-wordpress\/ -->\n<title>Despre Pagina<\/title>\n<meta name=\"description\" content=\"Ce trebuie s\u0103 \u0219tii despre pagin\u0103? Acesta este jurnalul de drume\u021bie, scris de mine. Am rezumat unde am fost p\u00e2n\u0103 acum. C\u00e2nd inten\u021bionam s\u0103 fac drume\u021bii \u00eentr-un loc \u00een care nu am mai fost, am \u00eent\u00e2mpinat uneori dificult\u0103\u021bi. De exemplu: Unde pot campa? dac\u0103 merg doar 2 zile, ce merit\u0103 s\u0103 v\u0103d?, pentru c\u0103 nu&hellip;\" \/>\n<meta name=\"robots\" content=\"index, follow, max-snippet:-1, max-image-preview:large, max-video-preview:-1\" \/>\n<link rel=\"canonical\" href=\"\" \/>\n<meta property=\"og:locale\" content=\"ro_RO\" \/>\n<meta property=\"og:type\" content=\"article\" \/>\n<meta property=\"og:title\" content=\"Despre Pagina\" \/>\n<meta property=\"og:description\" content=\"Ce trebuie s\u0103 \u0219tii despre pagin\u0103? Acesta este jurnalul de drume\u021bie, scris de mine. Am rezumat unde am fost p\u00e2n\u0103 acum. C\u00e2nd inten\u021bionam s\u0103 fac drume\u021bii \u00eentr-un loc \u00een care nu am mai fost, am \u00eent\u00e2mpinat uneori dificult\u0103\u021bi. De exemplu: Unde pot campa? dac\u0103 merg doar 2 zile, ce merit\u0103 s\u0103 v\u0103d?, pentru c\u0103 nu&hellip;\" \/>\n<meta property=\"og:url\" content=\"https:\/\/myhikingway.ro\/ro\/despre-pagina\/\" \/>\n<meta property=\"og:site_name\" content=\"MyHikingWay\" \/>\n<meta property=\"article:publisher\" content=\"https:\/\/www.facebook.com\/myhikingway\" \/>\n<meta property=\"article:modified_time\" content=\"2026-04-06T17:24:22+00:00\" \/>\n<meta property=\"og:image\" content=\"https:\/\/myhikingway.ro\/wp-content\/uploads\/2020\/10\/Moldoveanu2020_Nagy_Vist-2-scaled.jpg\" \/>\n\t<meta property=\"og:image:width\" content=\"2560\" \/>\n\t<meta property=\"og:image:height\" content=\"1920\" \/>\n\t<meta property=\"og:image:type\" content=\"image\/jpeg\" \/>\n<meta name=\"twitter:card\" content=\"summary_large_image\" \/>\n<meta name=\"twitter:label1\" content=\"Timp estimat pentru citire\" \/>\n\t<meta name=\"twitter:data1\" content=\"2 minute\" \/>\n<script type=\"application\/ld+json\" class=\"yoast-schema-graph\">{\"@context\":\"https:\\\/\\\/schema.org\",\"@graph\":[{\"@type\":\"WebPage\",\"@id\":\"https:\\\/\\\/myhikingway.ro\\\/ro\\\/despre-pagina\\\/\",\"url\":\"https:\\\/\\\/myhikingway.ro\\\/ro\\\/despre-pagina\\\/\",\"name\":\"Az Oldalr\u00f3l - MyHikingWay\",\"isPartOf\":{\"@id\":\"https:\\\/\\\/myhikingway.ro\\\/#website\"},\"primaryImageOfPage\":{\"@id\":\"https:\\\/\\\/myhikingway.ro\\\/ro\\\/despre-pagina\\\/#primaryimage\"},\"image\":{\"@id\":\"https:\\\/\\\/myhikingway.ro\\\/ro\\\/despre-pagina\\\/#primaryimage\"},\"thumbnailUrl\":\"https:\\\/\\\/myhikingway.ro\\\/wp-content\\\/uploads\\\/2020\\\/10\\\/Moldoveanu2020_Nagy_Vist-2-scaled.jpg\",\"datePublished\":\"2020-10-11T19:29:02+00:00\",\"dateModified\":\"2026-04-06T17:24:22+00:00\",\"breadcrumb\":{\"@id\":\"https:\\\/\\\/myhikingway.ro\\\/ro\\\/despre-pagina\\\/#breadcrumb\"},\"inLanguage\":\"ro-RO\",\"potentialAction\":[{\"@type\":\"ReadAction\",\"target\":[\"https:\\\/\\\/myhikingway.ro\\\/ro\\\/despre-pagina\\\/\"]}]},{\"@type\":\"ImageObject\",\"inLanguage\":\"ro-RO\",\"@id\":\"https:\\\/\\\/myhikingway.ro\\\/ro\\\/despre-pagina\\\/#primaryimage\",\"url\":\"https:\\\/\\\/myhikingway.ro\\\/wp-content\\\/uploads\\\/2020\\\/10\\\/Moldoveanu2020_Nagy_Vist-2-scaled.jpg\",\"contentUrl\":\"https:\\\/\\\/myhikingway.ro\\\/wp-content\\\/uploads\\\/2020\\\/10\\\/Moldoveanu2020_Nagy_Vist-2-scaled.jpg\",\"width\":2560,\"height\":1920},{\"@type\":\"BreadcrumbList\",\"@id\":\"https:\\\/\\\/myhikingway.ro\\\/ro\\\/despre-pagina\\\/#breadcrumb\",\"itemListElement\":[{\"@type\":\"ListItem\",\"position\":1,\"name\":\"Home new Ro\",\"item\":\"https:\\\/\\\/myhikingway.ro\\\/\"},{\"@type\":\"ListItem\",\"position\":2,\"name\":\"Despre Pagina\"}]},{\"@type\":\"WebSite\",\"@id\":\"https:\\\/\\\/myhikingway.ro\\\/ro\\\/#website\",\"url\":\"https:\\\/\\\/myhikingway.ro\\\/ro\\\/\",\"name\":\"MyHikingWay\",\"description\":\"Jurnalul de drume\u021bie a lui Moldovan Kitti\",\"publisher\":{\"@id\":\"https:\\\/\\\/myhikingway.ro\\\/ro\\\/#organization\"},\"potentialAction\":[{\"@type\":\"SearchAction\",\"target\":{\"@type\":\"EntryPoint\",\"urlTemplate\":\"https:\\\/\\\/myhikingway.ro\\\/ro\\\/?s={search_term_string}\"},\"query-input\":{\"@type\":\"PropertyValueSpecification\",\"valueRequired\":true,\"valueName\":\"search_term_string\"}}],\"inLanguage\":\"ro-RO\"},{\"@type\":\"Organization\",\"@id\":\"https:\\\/\\\/myhikingway.ro\\\/ro\\\/#organization\",\"name\":\"MyHikingWay\",\"url\":\"https:\\\/\\\/myhikingway.ro\\\/ro\\\/\",\"logo\":{\"@type\":\"ImageObject\",\"inLanguage\":\"ro-RO\",\"@id\":\"https:\\\/\\\/myhikingway.ro\\\/ro\\\/#\\\/schema\\\/logo\\\/image\\\/\",\"url\":\"https:\\\/\\\/myhikingway.ro\\\/wp-content\\\/uploads\\\/2026\\\/04\\\/cropped-icon-1.jpg\",\"contentUrl\":\"https:\\\/\\\/myhikingway.ro\\\/wp-content\\\/uploads\\\/2026\\\/04\\\/cropped-icon-1.jpg\",\"width\":512,\"height\":512,\"caption\":\"MyHikingWay\"},\"image\":{\"@id\":\"https:\\\/\\\/myhikingway.ro\\\/ro\\\/#\\\/schema\\\/logo\\\/image\\\/\"},\"sameAs\":[\"https:\\\/\\\/www.facebook.com\\\/myhikingway\",\"https:\\\/\\\/www.instagram.com\\\/myhikingway\\\/\"]}]}<\/script>\n<!-- \/ Yoast SEO plugin. -->","yoast_head_json":{"title":"Despre Pagina","description":"Ce trebuie s\u0103 \u0219tii despre pagin\u0103? Acesta este jurnalul de drume\u021bie, scris de mine. Am rezumat unde am fost p\u00e2n\u0103 acum. C\u00e2nd inten\u021bionam s\u0103 fac drume\u021bii \u00eentr-un loc \u00een care nu am mai fost, am \u00eent\u00e2mpinat uneori dificult\u0103\u021bi. De exemplu: Unde pot campa? dac\u0103 merg doar 2 zile, ce merit\u0103 s\u0103 v\u0103d?, pentru c\u0103 nu&hellip;","robots":{"index":"index","follow":"follow","max-snippet":"max-snippet:-1","max-image-preview":"max-image-preview:large","max-video-preview":"max-video-preview:-1"},"canonical":"Ce trebuie s\u0103 \u0219tii despre pagin\u0103? Acesta este jurnalul de drume\u021bie, scris de mine. Am rezumat unde am fost p\u00e2n\u0103 acum. C\u00e2nd inten\u021bionam s\u0103 fac drume\u021bii \u00eentr-un loc \u00een care nu am mai fost, am \u00eent\u00e2mpinat uneori dificult\u0103\u021bi. De exemplu: Unde pot campa? dac\u0103 merg doar 2 zile, ce merit\u0103 s\u0103 v\u0103d?, pentru c\u0103 nu&hellip;","og_locale":"ro_RO","og_type":"article","og_title":"Despre Pagina","og_description":"Ce trebuie s\u0103 \u0219tii despre pagin\u0103? Acesta este jurnalul de drume\u021bie, scris de mine. Am rezumat unde am fost p\u00e2n\u0103 acum. C\u00e2nd inten\u021bionam s\u0103 fac drume\u021bii \u00eentr-un loc \u00een care nu am mai fost, am \u00eent\u00e2mpinat uneori dificult\u0103\u021bi. De exemplu: Unde pot campa? dac\u0103 merg doar 2 zile, ce merit\u0103 s\u0103 v\u0103d?, pentru c\u0103 nu&hellip;","og_url":"https:\/\/myhikingway.ro\/ro\/despre-pagina\/","og_site_name":"MyHikingWay","article_publisher":"https:\/\/www.facebook.com\/myhikingway","article_modified_time":"2026-04-06T17:24:22+00:00","og_image":[{"width":2560,"height":1920,"url":"https:\/\/myhikingway.ro\/wp-content\/uploads\/2020\/10\/Moldoveanu2020_Nagy_Vist-2-scaled.jpg","type":"image\/jpeg"}],"twitter_card":"summary_large_image","twitter_misc":{"Timp estimat pentru citire":"2 minute"},"schema":{"@context":"https:\/\/schema.org","@graph":[{"@type":"WebPage","@id":"https:\/\/myhikingway.ro\/ro\/despre-pagina\/","url":"https:\/\/myhikingway.ro\/ro\/despre-pagina\/","name":"Az Oldalr\u00f3l - MyHikingWay","isPartOf":{"@id":"https:\/\/myhikingway.ro\/#website"},"primaryImageOfPage":{"@id":"https:\/\/myhikingway.ro\/ro\/despre-pagina\/#primaryimage"},"image":{"@id":"https:\/\/myhikingway.ro\/ro\/despre-pagina\/#primaryimage"},"thumbnailUrl":"https:\/\/myhikingway.ro\/wp-content\/uploads\/2020\/10\/Moldoveanu2020_Nagy_Vist-2-scaled.jpg","datePublished":"2020-10-11T19:29:02+00:00","dateModified":"2026-04-06T17:24:22+00:00","breadcrumb":{"@id":"https:\/\/myhikingway.ro\/ro\/despre-pagina\/#breadcrumb"},"inLanguage":"ro-RO","potentialAction":[{"@type":"ReadAction","target":["https:\/\/myhikingway.ro\/ro\/despre-pagina\/"]}]},{"@type":"ImageObject","inLanguage":"ro-RO","@id":"https:\/\/myhikingway.ro\/ro\/despre-pagina\/#primaryimage","url":"https:\/\/myhikingway.ro\/wp-content\/uploads\/2020\/10\/Moldoveanu2020_Nagy_Vist-2-scaled.jpg","contentUrl":"https:\/\/myhikingway.ro\/wp-content\/uploads\/2020\/10\/Moldoveanu2020_Nagy_Vist-2-scaled.jpg","width":2560,"height":1920},{"@type":"BreadcrumbList","@id":"https:\/\/myhikingway.ro\/ro\/despre-pagina\/#breadcrumb","itemListElement":[{"@type":"ListItem","position":1,"name":"Home new Ro","item":"https:\/\/myhikingway.ro\/"},{"@type":"ListItem","position":2,"name":"Despre Pagina"}]},{"@type":"WebSite","@id":"https:\/\/myhikingway.ro\/ro\/#website","url":"https:\/\/myhikingway.ro\/ro\/","name":"MyHikingWay","description":"Jurnalul de drume\u021bie a lui Moldovan Kitti","publisher":{"@id":"https:\/\/myhikingway.ro\/ro\/#organization"},"potentialAction":[{"@type":"SearchAction","target":{"@type":"EntryPoint","urlTemplate":"https:\/\/myhikingway.ro\/ro\/?s={search_term_string}"},"query-input":{"@type":"PropertyValueSpecification","valueRequired":true,"valueName":"search_term_string"}}],"inLanguage":"ro-RO"},{"@type":"Organization","@id":"https:\/\/myhikingway.ro\/ro\/#organization","name":"MyHikingWay","url":"https:\/\/myhikingway.ro\/ro\/","logo":{"@type":"ImageObject","inLanguage":"ro-RO","@id":"https:\/\/myhikingway.ro\/ro\/#\/schema\/logo\/image\/","url":"https:\/\/myhikingway.ro\/wp-content\/uploads\/2026\/04\/cropped-icon-1.jpg","contentUrl":"https:\/\/myhikingway.ro\/wp-content\/uploads\/2026\/04\/cropped-icon-1.jpg","width":512,"height":512,"caption":"MyHikingWay"},"image":{"@id":"https:\/\/myhikingway.ro\/ro\/#\/schema\/logo\/image\/"},"sameAs":["https:\/\/www.facebook.com\/myhikingway","https:\/\/www.instagram.com\/myhikingway\/"]}]}},"_links":{"self":[{"href":"https:\/\/myhikingway.ro\/ro\/wp-json\/wp\/v2\/pages\/15","targetHints":{"allow":["GET"]}}],"collection":[{"href":"https:\/\/myhikingway.ro\/ro\/wp-json\/wp\/v2\/pages"}],"about":[{"href":"https:\/\/myhikingway.ro\/ro\/wp-json\/wp\/v2\/types\/page"}],"author":[{"embeddable":true,"href":"https:\/\/myhikingway.ro\/ro\/wp-json\/wp\/v2\/users\/1"}],"replies":[{"embeddable":true,"href":"https:\/\/myhikingway.ro\/ro\/wp-json\/wp\/v2\/comments?post=15"}],"version-history":[{"count":5,"href":"https:\/\/myhikingway.ro\/ro\/wp-json\/wp\/v2\/pages\/15\/revisions"}],"predecessor-version":[{"id":2486,"href":"https:\/\/myhikingway.ro\/ro\/wp-json\/wp\/v2\/pages\/15\/revisions\/2486"}],"wp:featuredmedia":[{"embeddable":true,"href":"https:\/\/myhikingway.ro\/ro\/wp-json\/wp\/v2\/media\/2338"}],"wp:attachment":[{"href":"https:\/\/myhikingway.ro\/ro\/wp-json\/wp\/v2\/media?parent=15"}],"curies":[{"name":"wp","href":"https:\/\/api.w.org\/{rel}","templated":true}]}}