{"id":13,"date":"2020-10-11T19:28:36","date_gmt":"2020-10-11T19:28:36","guid":{"rendered":"https:\/\/myhikingway.ro\/?page_id=13"},"modified":"2026-04-07T17:28:10","modified_gmt":"2026-04-07T17:28:10","slug":"rolam2","status":"publish","type":"page","link":"https:\/\/myhikingway.ro\/ro\/rolam2\/","title":{"rendered":"Despre Mine"},"content":{"rendered":"\r\n<h3 class=\"wp-block-heading\">Ce trebuie s\u0103 \u0219tii despre mine?<\/h3>\r\n\r\n\r\n\r\n<figure class=\"wp-block-image size-large is-resized is-style-default\"><img loading=\"lazy\" decoding=\"async\" src=\"https:\/\/myhikingway.ro\/wp-content\/uploads\/2020\/10\/20200818_163008-1024x768.jpg\" alt=\"\" class=\"wp-image-59\" width=\"768\" height=\"576\"\/><\/figure>\r\n\r\n\r\n\r\n<div class=\"wp-block-group has-black-color has-text-color\"><div class=\"wp-block-group__inner-container is-layout-flow wp-block-group-is-layout-flow\">\r\n<p><strong>&nbsp; &nbsp; &nbsp; &nbsp; &nbsp; &nbsp; <\/strong><\/p>\r\n\r\n\r\n\r\n<div class=\"wp-block-group\"><div class=\"wp-block-group__inner-container is-layout-flow wp-block-group-is-layout-flow\">\r\n<p>Sunt <strong>Moldovan Kitti<\/strong>, medic rezident, principalul meu hobby este drume\u021bia \u0219i timpul petrecut \u00een natur\u0103. Sunt un montaniard, care \u00ee\u0219i \u00eembun\u0103t\u0103\u021be\u0219te constant cuno\u0219tin\u021bele montane, pentru a ajunge c\u00e2t mai sigur la locuri de ce \u00een ce mai uimitoare \u0219i mai greu accesibile.<\/p>\r\n\r\n\r\n\r\n<p>Literalmente nu-mi amintesc c\u00e2nd am \u00eenceput s\u0103 merg pe munte, la un an \u0219i jum\u0103tate, c\u00e2nd p\u0103rin\u021bii mei m-au dus la excursia tradi\u021bional\u0103 anual\u0103 de familie \u00een mun\u021bi. \u00cemi pl\u0103cea acolo, consider Mun\u021bii Apuseni \u201cacas\u0103\u201d. P\u00e2n\u0103 la adolescen\u021b\u0103 cu p\u0103rin\u021bii apoi cu prietenii ne petreceam cea mai mare parte a timpului liber \u00een mun\u021bi.<\/p>\r\n\r\n\r\n\r\n<p>\u00cen 2012 am devenit membru a Societ\u0103\u021bii Carpatin\u0103 Ardelean\u0103 din Oradea apoi \u00een 2015 a Societ\u0103\u021bii Carpatin\u0103 Ardelean\u0103 din T\u00e2rgu Mure\u0219. \u00cen cadrul Societ\u0103\u021bii Carpatin\u0103 Ardelean\u0103, am ob\u021binut o licen\u021b\u0103 de ghid turistic montan, \u00een 2019 a fost organizat\u0103 a XXVIII-lea Tab\u0103r\u0103 \u00een Sovata, unde am avut un rol de organizator, \u00een calitate de asistent ghid turistic montan.<\/p>\r\n\r\n\r\n\r\n<p>P\u00e2n\u0103 \u00een momentul actual, am urcat pe 6 v\u00e2rfuri peste de 2500 m din Rom\u00e2nia (Moldoveanu, Negoiu, Vistea Mare, Omu, Peleaga, Bucura Dumbrav\u0103) \u0219i urmeaz\u0103 altele.<\/p>\r\n<\/div><\/div>\r\n<\/div><\/div>\r\n","protected":false},"excerpt":{"rendered":"<p>Ce trebuie s\u0103 \u0219tii despre mine? &nbsp; &nbsp; &nbsp; &nbsp; &nbsp; &nbsp; Sunt Moldovan Kitti, medic rezident, principalul meu hobby este drume\u021bia \u0219i timpul petrecut \u00een natur\u0103. Sunt un montaniard, care \u00ee\u0219i \u00eembun\u0103t\u0103\u021be\u0219te constant cuno\u0219tin\u021bele montane, pentru a ajunge c\u00e2t mai sigur la locuri de ce \u00een ce mai uimitoare \u0219i mai greu accesibile. Literalmente&#8230;<\/p>\n","protected":false},"author":1,"featured_media":0,"parent":0,"menu_order":0,"comment_status":"closed","ping_status":"closed","template":"","meta":{"_kadence_starter_templates_imported_post":false,"_kad_post_transparent":"default","_kad_post_title":"default","_kad_post_layout":"default","_kad_post_sidebar_id":"","_kad_post_content_style":"default","_kad_post_vertical_padding":"default","_kad_post_feature":"","_kad_post_feature_position":"","_kad_post_header":false,"_kad_post_footer":false,"_kad_post_classname":"","cybocfi_hide_featured_image":"","footnotes":""},"class_list":["post-13","page","type-page","status-publish","hentry"],"yoast_head":"<!-- This site is optimized with the Yoast SEO plugin v27.3 - https:\/\/yoast.com\/product\/yoast-seo-wordpress\/ -->\n<title>Despre Mine<\/title>\n<meta name=\"description\" content=\"Ce trebuie s\u0103 \u0219tii despre mine? &nbsp; &nbsp; &nbsp; &nbsp; &nbsp; &nbsp; Sunt Moldovan Kitti, medic rezident, principalul meu hobby este drume\u021bia \u0219i timpul petrecut \u00een natur\u0103. Sunt un montaniard, care \u00ee\u0219i \u00eembun\u0103t\u0103\u021be\u0219te constant cuno\u0219tin\u021bele montane, pentru a ajunge c\u00e2t mai sigur la locuri de ce \u00een ce mai uimitoare \u0219i mai greu accesibile. Literalmente&hellip;\" \/>\n<meta name=\"robots\" content=\"index, follow, max-snippet:-1, max-image-preview:large, max-video-preview:-1\" \/>\n<link rel=\"canonical\" href=\"http:\/\/Ce%20trebuie%20s\u0103%20\u0219tii%20despre%20mine?%20&nbsp;%20&nbsp;%20&nbsp;%20&nbsp;%20&nbsp;%20&nbsp;%20Sunt%20Moldovan%20Kitti,%20medic%20rezident,%20principalul%20meu%20hobby%20este%20drume\u021bia%20\u0219i%20timpul%20petrecut%20\u00een%20natur\u0103.%20Sunt%20un%20montaniard,%20care%20\u00ee\u0219i%20\u00eembun\u0103t\u0103\u021be\u0219te%20constant%20cuno\u0219tin\u021bele%20montane,%20pentru%20a%20ajunge%20c\u00e2t%20mai%20sigur%20la%20locuri%20de%20ce%20\u00een%20ce%20mai%20uimitoare%20\u0219i%20mai%20greu%20accesibile.%20Literalmente&hellip;\" \/>\n<meta property=\"og:locale\" content=\"ro_RO\" \/>\n<meta property=\"og:type\" content=\"article\" \/>\n<meta property=\"og:title\" content=\"Despre Mine\" \/>\n<meta property=\"og:description\" content=\"Ce trebuie s\u0103 \u0219tii despre mine? &nbsp; &nbsp; &nbsp; &nbsp; &nbsp; &nbsp; Sunt Moldovan Kitti, medic rezident, principalul meu hobby este drume\u021bia \u0219i timpul petrecut \u00een natur\u0103. Sunt un montaniard, care \u00ee\u0219i \u00eembun\u0103t\u0103\u021be\u0219te constant cuno\u0219tin\u021bele montane, pentru a ajunge c\u00e2t mai sigur la locuri de ce \u00een ce mai uimitoare \u0219i mai greu accesibile. Literalmente&hellip;\" \/>\n<meta property=\"og:url\" content=\"https:\/\/myhikingway.ro\/ro\/rolam2\/\" \/>\n<meta property=\"og:site_name\" content=\"MyHikingWay\" \/>\n<meta property=\"article:publisher\" content=\"https:\/\/www.facebook.com\/myhikingway\" \/>\n<meta property=\"article:modified_time\" content=\"2026-04-07T17:28:10+00:00\" \/>\n<meta property=\"og:image\" content=\"https:\/\/myhikingway.ro\/wp-content\/uploads\/2026\/04\/Moldoveanu2020_en-scaled.jpg\" \/>\n\t<meta property=\"og:image:width\" content=\"2560\" \/>\n\t<meta property=\"og:image:height\" content=\"1920\" \/>\n\t<meta property=\"og:image:type\" content=\"image\/jpeg\" \/>\n<meta name=\"twitter:card\" content=\"summary_large_image\" \/>\n<meta name=\"twitter:label1\" content=\"Timp estimat pentru citire\" \/>\n\t<meta name=\"twitter:data1\" content=\"1 minut\" \/>\n<script type=\"application\/ld+json\" class=\"yoast-schema-graph\">{\"@context\":\"https:\\\/\\\/schema.org\",\"@graph\":[{\"@type\":\"WebPage\",\"@id\":\"https:\\\/\\\/myhikingway.ro\\\/ro\\\/rolam2\\\/\",\"url\":\"https:\\\/\\\/myhikingway.ro\\\/ro\\\/rolam2\\\/\",\"name\":\"R\u00f3lam - MyHikingWay\",\"isPartOf\":{\"@id\":\"https:\\\/\\\/myhikingway.ro\\\/#website\"},\"primaryImageOfPage\":{\"@id\":\"https:\\\/\\\/myhikingway.ro\\\/ro\\\/rolam2\\\/#primaryimage\"},\"image\":{\"@id\":\"https:\\\/\\\/myhikingway.ro\\\/ro\\\/rolam2\\\/#primaryimage\"},\"thumbnailUrl\":\"https:\\\/\\\/myhikingway.ro\\\/wp-content\\\/uploads\\\/2026\\\/04\\\/Moldoveanu2020_en-300x225.jpg\",\"datePublished\":\"2020-10-11T19:28:36+00:00\",\"dateModified\":\"2026-04-07T17:28:10+00:00\",\"breadcrumb\":{\"@id\":\"https:\\\/\\\/myhikingway.ro\\\/ro\\\/rolam2\\\/#breadcrumb\"},\"inLanguage\":\"ro-RO\",\"potentialAction\":[{\"@type\":\"ReadAction\",\"target\":[\"https:\\\/\\\/myhikingway.ro\\\/ro\\\/rolam2\\\/\"]}]},{\"@type\":\"ImageObject\",\"inLanguage\":\"ro-RO\",\"@id\":\"https:\\\/\\\/myhikingway.ro\\\/ro\\\/rolam2\\\/#primaryimage\",\"url\":\"https:\\\/\\\/myhikingway.ro\\\/wp-content\\\/uploads\\\/2026\\\/04\\\/Moldoveanu2020_en-300x225.jpg\",\"contentUrl\":\"https:\\\/\\\/myhikingway.ro\\\/wp-content\\\/uploads\\\/2026\\\/04\\\/Moldoveanu2020_en-300x225.jpg\"},{\"@type\":\"BreadcrumbList\",\"@id\":\"https:\\\/\\\/myhikingway.ro\\\/ro\\\/rolam2\\\/#breadcrumb\",\"itemListElement\":[{\"@type\":\"ListItem\",\"position\":1,\"name\":\"Home new\",\"item\":\"https:\\\/\\\/myhikingway.ro\\\/\"},{\"@type\":\"ListItem\",\"position\":2,\"name\":\"Despre Mine\"}]},{\"@type\":\"WebSite\",\"@id\":\"https:\\\/\\\/myhikingway.ro\\\/ro\\\/#website\",\"url\":\"https:\\\/\\\/myhikingway.ro\\\/ro\\\/\",\"name\":\"MyHikingWay\",\"description\":\"Jurnalul de drume\u021bie a lui Moldovan Kitti\",\"publisher\":{\"@id\":\"https:\\\/\\\/myhikingway.ro\\\/ro\\\/#organization\"},\"potentialAction\":[{\"@type\":\"SearchAction\",\"target\":{\"@type\":\"EntryPoint\",\"urlTemplate\":\"https:\\\/\\\/myhikingway.ro\\\/ro\\\/?s={search_term_string}\"},\"query-input\":{\"@type\":\"PropertyValueSpecification\",\"valueRequired\":true,\"valueName\":\"search_term_string\"}}],\"inLanguage\":\"ro-RO\"},{\"@type\":\"Organization\",\"@id\":\"https:\\\/\\\/myhikingway.ro\\\/ro\\\/#organization\",\"name\":\"MyHikingWay\",\"url\":\"https:\\\/\\\/myhikingway.ro\\\/ro\\\/\",\"logo\":{\"@type\":\"ImageObject\",\"inLanguage\":\"ro-RO\",\"@id\":\"https:\\\/\\\/myhikingway.ro\\\/ro\\\/#\\\/schema\\\/logo\\\/image\\\/\",\"url\":\"https:\\\/\\\/myhikingway.ro\\\/wp-content\\\/uploads\\\/2026\\\/04\\\/cropped-icon-1.jpg\",\"contentUrl\":\"https:\\\/\\\/myhikingway.ro\\\/wp-content\\\/uploads\\\/2026\\\/04\\\/cropped-icon-1.jpg\",\"width\":512,\"height\":512,\"caption\":\"MyHikingWay\"},\"image\":{\"@id\":\"https:\\\/\\\/myhikingway.ro\\\/ro\\\/#\\\/schema\\\/logo\\\/image\\\/\"},\"sameAs\":[\"https:\\\/\\\/www.facebook.com\\\/myhikingway\",\"https:\\\/\\\/www.instagram.com\\\/myhikingway\\\/\"]}]}<\/script>\n<!-- \/ Yoast SEO plugin. -->","yoast_head_json":{"title":"Despre Mine","description":"Ce trebuie s\u0103 \u0219tii despre mine? &nbsp; &nbsp; &nbsp; &nbsp; &nbsp; &nbsp; Sunt Moldovan Kitti, medic rezident, principalul meu hobby este drume\u021bia \u0219i timpul petrecut \u00een natur\u0103. Sunt un montaniard, care \u00ee\u0219i \u00eembun\u0103t\u0103\u021be\u0219te constant cuno\u0219tin\u021bele montane, pentru a ajunge c\u00e2t mai sigur la locuri de ce \u00een ce mai uimitoare \u0219i mai greu accesibile. Literalmente&hellip;","robots":{"index":"index","follow":"follow","max-snippet":"max-snippet:-1","max-image-preview":"max-image-preview:large","max-video-preview":"max-video-preview:-1"},"canonical":"Ce trebuie s\u0103 \u0219tii despre mine? &nbsp; &nbsp; &nbsp; &nbsp; &nbsp; &nbsp; Sunt Moldovan Kitti, medic rezident, principalul meu hobby este drume\u021bia \u0219i timpul petrecut \u00een natur\u0103. Sunt un montaniard, care \u00ee\u0219i \u00eembun\u0103t\u0103\u021be\u0219te constant cuno\u0219tin\u021bele montane, pentru a ajunge c\u00e2t mai sigur la locuri de ce \u00een ce mai uimitoare \u0219i mai greu accesibile. Literalmente&hellip;","og_locale":"ro_RO","og_type":"article","og_title":"Despre Mine","og_description":"Ce trebuie s\u0103 \u0219tii despre mine? &nbsp; &nbsp; &nbsp; &nbsp; &nbsp; &nbsp; Sunt Moldovan Kitti, medic rezident, principalul meu hobby este drume\u021bia \u0219i timpul petrecut \u00een natur\u0103. Sunt un montaniard, care \u00ee\u0219i \u00eembun\u0103t\u0103\u021be\u0219te constant cuno\u0219tin\u021bele montane, pentru a ajunge c\u00e2t mai sigur la locuri de ce \u00een ce mai uimitoare \u0219i mai greu accesibile. Literalmente&hellip;","og_url":"https:\/\/myhikingway.ro\/ro\/rolam2\/","og_site_name":"MyHikingWay","article_publisher":"https:\/\/www.facebook.com\/myhikingway","article_modified_time":"2026-04-07T17:28:10+00:00","og_image":[{"width":2560,"height":1920,"url":"https:\/\/myhikingway.ro\/wp-content\/uploads\/2026\/04\/Moldoveanu2020_en-scaled.jpg","type":"image\/jpeg"}],"twitter_card":"summary_large_image","twitter_misc":{"Timp estimat pentru citire":"1 minut"},"schema":{"@context":"https:\/\/schema.org","@graph":[{"@type":"WebPage","@id":"https:\/\/myhikingway.ro\/ro\/rolam2\/","url":"https:\/\/myhikingway.ro\/ro\/rolam2\/","name":"R\u00f3lam - MyHikingWay","isPartOf":{"@id":"https:\/\/myhikingway.ro\/#website"},"primaryImageOfPage":{"@id":"https:\/\/myhikingway.ro\/ro\/rolam2\/#primaryimage"},"image":{"@id":"https:\/\/myhikingway.ro\/ro\/rolam2\/#primaryimage"},"thumbnailUrl":"https:\/\/myhikingway.ro\/wp-content\/uploads\/2026\/04\/Moldoveanu2020_en-300x225.jpg","datePublished":"2020-10-11T19:28:36+00:00","dateModified":"2026-04-07T17:28:10+00:00","breadcrumb":{"@id":"https:\/\/myhikingway.ro\/ro\/rolam2\/#breadcrumb"},"inLanguage":"ro-RO","potentialAction":[{"@type":"ReadAction","target":["https:\/\/myhikingway.ro\/ro\/rolam2\/"]}]},{"@type":"ImageObject","inLanguage":"ro-RO","@id":"https:\/\/myhikingway.ro\/ro\/rolam2\/#primaryimage","url":"https:\/\/myhikingway.ro\/wp-content\/uploads\/2026\/04\/Moldoveanu2020_en-300x225.jpg","contentUrl":"https:\/\/myhikingway.ro\/wp-content\/uploads\/2026\/04\/Moldoveanu2020_en-300x225.jpg"},{"@type":"BreadcrumbList","@id":"https:\/\/myhikingway.ro\/ro\/rolam2\/#breadcrumb","itemListElement":[{"@type":"ListItem","position":1,"name":"Home new","item":"https:\/\/myhikingway.ro\/"},{"@type":"ListItem","position":2,"name":"Despre Mine"}]},{"@type":"WebSite","@id":"https:\/\/myhikingway.ro\/ro\/#website","url":"https:\/\/myhikingway.ro\/ro\/","name":"MyHikingWay","description":"Jurnalul de drume\u021bie a lui Moldovan Kitti","publisher":{"@id":"https:\/\/myhikingway.ro\/ro\/#organization"},"potentialAction":[{"@type":"SearchAction","target":{"@type":"EntryPoint","urlTemplate":"https:\/\/myhikingway.ro\/ro\/?s={search_term_string}"},"query-input":{"@type":"PropertyValueSpecification","valueRequired":true,"valueName":"search_term_string"}}],"inLanguage":"ro-RO"},{"@type":"Organization","@id":"https:\/\/myhikingway.ro\/ro\/#organization","name":"MyHikingWay","url":"https:\/\/myhikingway.ro\/ro\/","logo":{"@type":"ImageObject","inLanguage":"ro-RO","@id":"https:\/\/myhikingway.ro\/ro\/#\/schema\/logo\/image\/","url":"https:\/\/myhikingway.ro\/wp-content\/uploads\/2026\/04\/cropped-icon-1.jpg","contentUrl":"https:\/\/myhikingway.ro\/wp-content\/uploads\/2026\/04\/cropped-icon-1.jpg","width":512,"height":512,"caption":"MyHikingWay"},"image":{"@id":"https:\/\/myhikingway.ro\/ro\/#\/schema\/logo\/image\/"},"sameAs":["https:\/\/www.facebook.com\/myhikingway","https:\/\/www.instagram.com\/myhikingway\/"]}]}},"_links":{"self":[{"href":"https:\/\/myhikingway.ro\/ro\/wp-json\/wp\/v2\/pages\/13","targetHints":{"allow":["GET"]}}],"collection":[{"href":"https:\/\/myhikingway.ro\/ro\/wp-json\/wp\/v2\/pages"}],"about":[{"href":"https:\/\/myhikingway.ro\/ro\/wp-json\/wp\/v2\/types\/page"}],"author":[{"embeddable":true,"href":"https:\/\/myhikingway.ro\/ro\/wp-json\/wp\/v2\/users\/1"}],"replies":[{"embeddable":true,"href":"https:\/\/myhikingway.ro\/ro\/wp-json\/wp\/v2\/comments?post=13"}],"version-history":[{"count":4,"href":"https:\/\/myhikingway.ro\/ro\/wp-json\/wp\/v2\/pages\/13\/revisions"}],"predecessor-version":[{"id":2558,"href":"https:\/\/myhikingway.ro\/ro\/wp-json\/wp\/v2\/pages\/13\/revisions\/2558"}],"wp:attachment":[{"href":"https:\/\/myhikingway.ro\/ro\/wp-json\/wp\/v2\/media?parent=13"}],"curies":[{"name":"wp","href":"https:\/\/api.w.org\/{rel}","templated":true}]}}