{"id":11,"date":"2020-10-11T19:27:55","date_gmt":"2020-10-11T19:27:55","guid":{"rendered":"https:\/\/myhikingway.ro\/?page_id=11"},"modified":"2020-10-29T15:49:56","modified_gmt":"2020-10-29T15:49:56","slug":"elerhetoseg","status":"publish","type":"page","link":"https:\/\/myhikingway.ro\/en\/elerhetoseg\/","title":{"rendered":"Contact"},"content":{"rendered":"\r\n<p>If you have any question write a message.<\/p>\r\n\r\n\r\n\r\n<p>e-mail: myhikingway@gmail.com<\/p>\r\n\r\n\r\n\r\n<h3 class=\"wp-block-heading\">Message:<\/h3>\r\n\r\n\r\n\n<div class=\"wpcf7 no-js\" id=\"wpcf7-f71-o1\" lang=\"en-US\" dir=\"ltr\" data-wpcf7-id=\"71\">\n<div class=\"screen-reader-response\"><p role=\"status\" aria-live=\"polite\" aria-atomic=\"true\"><\/p> <ul><\/ul><\/div>\n<form action=\"\/en\/wp-json\/wp\/v2\/pages\/11#wpcf7-f71-o1\" method=\"post\" class=\"wpcf7-form init\" aria-label=\"Contact form\" novalidate=\"novalidate\" data-status=\"init\">\n<fieldset class=\"hidden-fields-container\"><input type=\"hidden\" name=\"_wpcf7\" value=\"71\" \/><input type=\"hidden\" name=\"_wpcf7_version\" value=\"6.1.5\" \/><input type=\"hidden\" name=\"_wpcf7_locale\" value=\"en_US\" \/><input type=\"hidden\" name=\"_wpcf7_unit_tag\" value=\"wpcf7-f71-o1\" \/><input type=\"hidden\" name=\"_wpcf7_container_post\" value=\"0\" \/><input type=\"hidden\" name=\"_wpcf7_posted_data_hash\" value=\"\" \/>\n<\/fieldset>\n<p><label> Your Name (required)<br \/>\n<span class=\"wpcf7-form-control-wrap\" data-name=\"your-name\"><input size=\"40\" maxlength=\"400\" class=\"wpcf7-form-control wpcf7-text wpcf7-validates-as-required\" aria-required=\"true\" aria-invalid=\"false\" value=\"\" type=\"text\" name=\"your-name\" \/><\/span> <\/label>\n<\/p>\n<p><label> Your Email (required)<br \/>\n<span class=\"wpcf7-form-control-wrap\" data-name=\"your-email\"><input size=\"40\" maxlength=\"400\" class=\"wpcf7-form-control wpcf7-email wpcf7-validates-as-required wpcf7-text wpcf7-validates-as-email\" aria-required=\"true\" aria-invalid=\"false\" value=\"\" type=\"email\" name=\"your-email\" \/><\/span> <\/label>\n<\/p>\n<p><label> Subject<br \/>\n<span class=\"wpcf7-form-control-wrap\" data-name=\"your-subject\"><input size=\"40\" maxlength=\"400\" class=\"wpcf7-form-control wpcf7-text\" aria-invalid=\"false\" value=\"\" type=\"text\" name=\"your-subject\" \/><\/span> <\/label>\n<\/p>\n<p><label> Your Message<br \/>\n<span class=\"wpcf7-form-control-wrap\" data-name=\"your-message\"><textarea cols=\"40\" rows=\"10\" maxlength=\"2000\" class=\"wpcf7-form-control wpcf7-textarea\" aria-invalid=\"false\" name=\"your-message\"><\/textarea><\/span> <\/label>\n<\/p>\n<p><input class=\"wpcf7-form-control wpcf7-submit has-spinner\" type=\"submit\" value=\"Send\" \/>\n<\/p><p style=\"display: none !important;\" class=\"akismet-fields-container\" data-prefix=\"_wpcf7_ak_\"><label>&#916;<textarea name=\"_wpcf7_ak_hp_textarea\" cols=\"45\" rows=\"8\" maxlength=\"100\"><\/textarea><\/label><input type=\"hidden\" id=\"ak_js_1\" name=\"_wpcf7_ak_js\" value=\"111\"\/><script>document.getElementById( \"ak_js_1\" ).setAttribute( \"value\", ( new Date() ).getTime() );<\/script><\/p><div class=\"wpcf7-response-output\" aria-hidden=\"true\"><\/div>\n<\/form>\n<\/div>\n\n\r\n\r\n\r\n<ul class=\"wp-block-social-links is-layout-flex wp-block-social-links-is-layout-flex\"><li class=\"wp-social-link wp-social-link-facebook  wp-block-social-link\"><a href=\"https:\/\/www.facebook.com\/My-Hiking-Way-113770713833592\" class=\"wp-block-social-link-anchor\"><svg width=\"24\" height=\"24\" viewBox=\"0 0 24 24\" version=\"1.1\" xmlns=\"http:\/\/www.w3.org\/2000\/svg\" aria-hidden=\"true\" focusable=\"false\"><path d=\"M12 2C6.5 2 2 6.5 2 12c0 5 3.7 9.1 8.4 9.9v-7H7.9V12h2.5V9.8c0-2.5 1.5-3.9 3.8-3.9 1.1 0 2.2.2 2.2.2v2.5h-1.3c-1.2 0-1.6.8-1.6 1.6V12h2.8l-.4 2.9h-2.3v7C18.3 21.1 22 17 22 12c0-5.5-4.5-10-10-10z\"><\/path><\/svg><span class=\"wp-block-social-link-label screen-reader-text\">Facebook<\/span><\/a><\/li>\r\n\r\n<\/ul>\r\n\r\n\r\n\r\n<p><\/p>\r\n","protected":false},"excerpt":{"rendered":"<p>If you have any question write a message. e-mail: myhikingway@gmail.com Message: Your Name (required) Your Email (required) Subject Your Message &#916;<\/p>\n","protected":false},"author":1,"featured_media":0,"parent":0,"menu_order":0,"comment_status":"closed","ping_status":"closed","template":"","meta":{"_kadence_starter_templates_imported_post":false,"_kad_post_transparent":"","_kad_post_title":"","_kad_post_layout":"","_kad_post_sidebar_id":"","_kad_post_content_style":"","_kad_post_vertical_padding":"","_kad_post_feature":"","_kad_post_feature_position":"","_kad_post_header":false,"_kad_post_footer":false,"_kad_post_classname":"","cybocfi_hide_featured_image":"","footnotes":""},"class_list":["post-11","page","type-page","status-publish","hentry"],"yoast_head":"<!-- This site is optimized with the Yoast SEO plugin v27.4 - https:\/\/yoast.com\/product\/yoast-seo-wordpress\/ -->\n<title>Contact<\/title>\n<meta name=\"description\" content=\"If you have any question write a message. e-mail: myhikingway@gmail.com Message: [contact-form-7 id=&quot;71&quot; title=&quot;Contact form 1&quot;]\" \/>\n<meta name=\"robots\" content=\"index, follow, max-snippet:-1, max-image-preview:large, max-video-preview:-1\" \/>\n<link rel=\"canonical\" href=\"\" \/>\n<meta property=\"og:locale\" content=\"en_US\" \/>\n<meta property=\"og:type\" content=\"article\" \/>\n<meta property=\"og:title\" content=\"Contact\" \/>\n<meta property=\"og:description\" content=\"If you have any question write a message. e-mail: myhikingway@gmail.com Message: [contact-form-7 id=&quot;71&quot; title=&quot;Contact form 1&quot;]\" \/>\n<meta property=\"og:url\" content=\"https:\/\/myhikingway.ro\/en\/elerhetoseg\/\" \/>\n<meta property=\"og:site_name\" content=\"MyHikingWay\" \/>\n<meta property=\"article:publisher\" content=\"https:\/\/www.facebook.com\/myhikingway\" \/>\n<meta property=\"article:modified_time\" content=\"2020-10-29T15:49:56+00:00\" \/>\n<meta name=\"twitter:card\" content=\"summary_large_image\" \/>\n<script type=\"application\/ld+json\" class=\"yoast-schema-graph\">{\"@context\":\"https:\\\/\\\/schema.org\",\"@graph\":[{\"@type\":\"WebPage\",\"@id\":\"https:\\\/\\\/myhikingway.ro\\\/en\\\/elerhetoseg\\\/\",\"url\":\"https:\\\/\\\/myhikingway.ro\\\/en\\\/elerhetoseg\\\/\",\"name\":\"El\u00e9rhet\u0151s\u00e9g - MyHikingWay\",\"isPartOf\":{\"@id\":\"https:\\\/\\\/myhikingway.ro\\\/#website\"},\"datePublished\":\"2020-10-11T19:27:55+00:00\",\"dateModified\":\"2020-10-29T15:49:56+00:00\",\"breadcrumb\":{\"@id\":\"https:\\\/\\\/myhikingway.ro\\\/en\\\/elerhetoseg\\\/#breadcrumb\"},\"inLanguage\":\"en-US\",\"potentialAction\":[{\"@type\":\"ReadAction\",\"target\":[\"https:\\\/\\\/myhikingway.ro\\\/en\\\/elerhetoseg\\\/\"]}]},{\"@type\":\"BreadcrumbList\",\"@id\":\"https:\\\/\\\/myhikingway.ro\\\/en\\\/elerhetoseg\\\/#breadcrumb\",\"itemListElement\":[{\"@type\":\"ListItem\",\"position\":1,\"name\":\"Home new ENG\",\"item\":\"https:\\\/\\\/myhikingway.ro\\\/\"},{\"@type\":\"ListItem\",\"position\":2,\"name\":\"Contact\"}]},{\"@type\":\"WebSite\",\"@id\":\"https:\\\/\\\/myhikingway.ro\\\/en\\\/#website\",\"url\":\"https:\\\/\\\/myhikingway.ro\\\/en\\\/\",\"name\":\"MyHikingWay\",\"description\":\"Moldovan Kitti's Hiking Journal\",\"publisher\":{\"@id\":\"https:\\\/\\\/myhikingway.ro\\\/en\\\/#organization\"},\"potentialAction\":[{\"@type\":\"SearchAction\",\"target\":{\"@type\":\"EntryPoint\",\"urlTemplate\":\"https:\\\/\\\/myhikingway.ro\\\/en\\\/?s={search_term_string}\"},\"query-input\":{\"@type\":\"PropertyValueSpecification\",\"valueRequired\":true,\"valueName\":\"search_term_string\"}}],\"inLanguage\":\"en-US\"},{\"@type\":\"Organization\",\"@id\":\"https:\\\/\\\/myhikingway.ro\\\/en\\\/#organization\",\"name\":\"MyHikingWay\",\"url\":\"https:\\\/\\\/myhikingway.ro\\\/en\\\/\",\"logo\":{\"@type\":\"ImageObject\",\"inLanguage\":\"en-US\",\"@id\":\"https:\\\/\\\/myhikingway.ro\\\/en\\\/#\\\/schema\\\/logo\\\/image\\\/\",\"url\":\"https:\\\/\\\/myhikingway.ro\\\/wp-content\\\/uploads\\\/2026\\\/04\\\/cropped-icon-1.jpg\",\"contentUrl\":\"https:\\\/\\\/myhikingway.ro\\\/wp-content\\\/uploads\\\/2026\\\/04\\\/cropped-icon-1.jpg\",\"width\":512,\"height\":512,\"caption\":\"MyHikingWay\"},\"image\":{\"@id\":\"https:\\\/\\\/myhikingway.ro\\\/en\\\/#\\\/schema\\\/logo\\\/image\\\/\"},\"sameAs\":[\"https:\\\/\\\/www.facebook.com\\\/myhikingway\",\"https:\\\/\\\/www.instagram.com\\\/myhikingway\\\/\"]}]}<\/script>\n<!-- \/ Yoast SEO plugin. -->","yoast_head_json":{"title":"Contact","description":"If you have any question write a message. e-mail: myhikingway@gmail.com Message: [contact-form-7 id=\"71\" title=\"Contact form 1\"]","robots":{"index":"index","follow":"follow","max-snippet":"max-snippet:-1","max-image-preview":"max-image-preview:large","max-video-preview":"max-video-preview:-1"},"canonical":"If you have any question write a message. e-mail: myhikingway@gmail.com Message: [contact-form-7 id=\"71\" title=\"Contact form 1\"]","og_locale":"en_US","og_type":"article","og_title":"Contact","og_description":"If you have any question write a message. e-mail: myhikingway@gmail.com Message: [contact-form-7 id=\"71\" title=\"Contact form 1\"]","og_url":"https:\/\/myhikingway.ro\/en\/elerhetoseg\/","og_site_name":"MyHikingWay","article_publisher":"https:\/\/www.facebook.com\/myhikingway","article_modified_time":"2020-10-29T15:49:56+00:00","twitter_card":"summary_large_image","schema":{"@context":"https:\/\/schema.org","@graph":[{"@type":"WebPage","@id":"https:\/\/myhikingway.ro\/en\/elerhetoseg\/","url":"https:\/\/myhikingway.ro\/en\/elerhetoseg\/","name":"El\u00e9rhet\u0151s\u00e9g - MyHikingWay","isPartOf":{"@id":"https:\/\/myhikingway.ro\/#website"},"datePublished":"2020-10-11T19:27:55+00:00","dateModified":"2020-10-29T15:49:56+00:00","breadcrumb":{"@id":"https:\/\/myhikingway.ro\/en\/elerhetoseg\/#breadcrumb"},"inLanguage":"en-US","potentialAction":[{"@type":"ReadAction","target":["https:\/\/myhikingway.ro\/en\/elerhetoseg\/"]}]},{"@type":"BreadcrumbList","@id":"https:\/\/myhikingway.ro\/en\/elerhetoseg\/#breadcrumb","itemListElement":[{"@type":"ListItem","position":1,"name":"Home new ENG","item":"https:\/\/myhikingway.ro\/"},{"@type":"ListItem","position":2,"name":"Contact"}]},{"@type":"WebSite","@id":"https:\/\/myhikingway.ro\/en\/#website","url":"https:\/\/myhikingway.ro\/en\/","name":"MyHikingWay","description":"Moldovan Kitti's Hiking Journal","publisher":{"@id":"https:\/\/myhikingway.ro\/en\/#organization"},"potentialAction":[{"@type":"SearchAction","target":{"@type":"EntryPoint","urlTemplate":"https:\/\/myhikingway.ro\/en\/?s={search_term_string}"},"query-input":{"@type":"PropertyValueSpecification","valueRequired":true,"valueName":"search_term_string"}}],"inLanguage":"en-US"},{"@type":"Organization","@id":"https:\/\/myhikingway.ro\/en\/#organization","name":"MyHikingWay","url":"https:\/\/myhikingway.ro\/en\/","logo":{"@type":"ImageObject","inLanguage":"en-US","@id":"https:\/\/myhikingway.ro\/en\/#\/schema\/logo\/image\/","url":"https:\/\/myhikingway.ro\/wp-content\/uploads\/2026\/04\/cropped-icon-1.jpg","contentUrl":"https:\/\/myhikingway.ro\/wp-content\/uploads\/2026\/04\/cropped-icon-1.jpg","width":512,"height":512,"caption":"MyHikingWay"},"image":{"@id":"https:\/\/myhikingway.ro\/en\/#\/schema\/logo\/image\/"},"sameAs":["https:\/\/www.facebook.com\/myhikingway","https:\/\/www.instagram.com\/myhikingway\/"]}]}},"_links":{"self":[{"href":"https:\/\/myhikingway.ro\/en\/wp-json\/wp\/v2\/pages\/11","targetHints":{"allow":["GET"]}}],"collection":[{"href":"https:\/\/myhikingway.ro\/en\/wp-json\/wp\/v2\/pages"}],"about":[{"href":"https:\/\/myhikingway.ro\/en\/wp-json\/wp\/v2\/types\/page"}],"author":[{"embeddable":true,"href":"https:\/\/myhikingway.ro\/en\/wp-json\/wp\/v2\/users\/1"}],"replies":[{"embeddable":true,"href":"https:\/\/myhikingway.ro\/en\/wp-json\/wp\/v2\/comments?post=11"}],"version-history":[{"count":5,"href":"https:\/\/myhikingway.ro\/en\/wp-json\/wp\/v2\/pages\/11\/revisions"}],"predecessor-version":[{"id":404,"href":"https:\/\/myhikingway.ro\/en\/wp-json\/wp\/v2\/pages\/11\/revisions\/404"}],"wp:attachment":[{"href":"https:\/\/myhikingway.ro\/en\/wp-json\/wp\/v2\/media?parent=11"}],"curies":[{"name":"wp","href":"https:\/\/api.w.org\/{rel}","templated":true}]}}